{"id":279,"date":"2021-01-22T22:28:50","date_gmt":"2021-01-22T22:28:50","guid":{"rendered":"http:\/\/ifdhorqueta.edu.py\/astra\/?page_id=279"},"modified":"2025-10-28T13:57:02","modified_gmt":"2025-10-28T13:57:02","slug":"e-e-b","status":"publish","type":"page","link":"http:\/\/ifdhorqueta.edu.py\/astra\/e-e-b\/","title":{"rendered":"Formaci\u00f3n Inicial"},"content":{"rendered":"\n<p>Es el proceso educativo <strong>formal, sistem\u00e1tico y planificado<\/strong> mediante el cual una persona adquiere los <strong>conocimientos, habilidades, valores y actitudes<\/strong> necesarias para <strong>ejercer la docencia profesionalmente<\/strong> en el sistema educativo nacional<\/p>\n\n\n\n<h3 class=\"wp-block-heading\">\ud83d\udcda Caracter\u00edsticas principales<\/h3>\n\n\n\n<ul class=\"wp-block-list\">\n<li><strong>Duraci\u00f3n:<\/strong> generalmente <strong>tres a\u00f1os<\/strong> (profesorado).<\/li>\n\n\n\n<li><strong>Modalidad:<\/strong> presencial o semipresencial (seg\u00fan el programa).<\/li>\n\n\n\n<li><strong>Estructura curricular:<\/strong>\n<ul class=\"wp-block-list\">\n<li>Formaci\u00f3n general (pedagog\u00eda, psicolog\u00eda, filosof\u00eda, sociolog\u00eda de la educaci\u00f3n).<\/li>\n\n\n\n<li>Formaci\u00f3n espec\u00edfica (did\u00e1cticas de las \u00e1reas: Lengua, Matem\u00e1tica, Ciencias, etc.).<\/li>\n\n\n\n<li>Pr\u00e1cticas profesionales progresivas en instituciones educativas.<\/li>\n\n\n\n<li>Integraci\u00f3n de las TIC, educaci\u00f3n inclusiva y valores \u00e9ticos.<\/li>\n<\/ul>\n<\/li>\n<\/ul>\n\n\n\n<h3 class=\"wp-block-heading\">\ud83c\udfaf Objetivo<\/h3>\n\n\n\n<p>Formar <strong>docentes competentes, reflexivos, cr\u00edticos y comprometidos<\/strong> con la realidad sociocultural paraguaya y con la mejora continua de la educaci\u00f3n.<\/p>\n","protected":false},"excerpt":{"rendered":"<p>Es el proceso educativo formal, sistem\u00e1tico y planificado mediante el cual una persona adquiere los conocimientos, habilidades, valores y actitudes necesarias para ejercer la docencia profesionalmente en el sistema educativo nacional \ud83d\udcda Caracter\u00edsticas principales \ud83c\udfaf Objetivo Formar docentes competentes, reflexivos, cr\u00edticos y comprometidos con la realidad sociocultural paraguaya y con la mejora continua de la [&hellip;]<\/p>\n","protected":false},"author":1,"featured_media":0,"parent":0,"menu_order":0,"comment_status":"closed","ping_status":"closed","template":"","meta":{"site-sidebar-layout":"default","site-content-layout":"default","ast-site-content-layout":"default","site-content-style":"default","site-sidebar-style":"default","ast-global-header-display":"","ast-banner-title-visibility":"","ast-main-header-display":"","ast-hfb-above-header-display":"","ast-hfb-below-header-display":"","ast-hfb-mobile-header-display":"","site-post-title":"","ast-breadcrumbs-content":"","ast-featured-img":"","footer-sml-layout":"","ast-disable-related-posts":"","theme-transparent-header-meta":"default","adv-header-id-meta":"","stick-header-meta":"","header-above-stick-meta":"","header-main-stick-meta":"","header-below-stick-meta":"","astra-migrate-meta-layouts":"set","ast-page-background-enabled":"default","ast-page-background-meta":{"desktop":{"background-color":"","background-image":"","background-repeat":"repeat","background-position":"center center","background-size":"auto","background-attachment":"scroll","background-type":"","background-media":"","overlay-type":"","overlay-color":"","overlay-opacity":"","overlay-gradient":""},"tablet":{"background-color":"","background-image":"","background-repeat":"repeat","background-position":"center center","background-size":"auto","background-attachment":"scroll","background-type":"","background-media":"","overlay-type":"","overlay-color":"","overlay-opacity":"","overlay-gradient":""},"mobile":{"background-color":"","background-image":"","background-repeat":"repeat","background-position":"center center","background-size":"auto","background-attachment":"scroll","background-type":"","background-media":"","overlay-type":"","overlay-color":"","overlay-opacity":"","overlay-gradient":""}},"ast-content-background-meta":{"desktop":{"background-color":"var(--ast-global-color-5)","background-image":"","background-repeat":"repeat","background-position":"center center","background-size":"auto","background-attachment":"scroll","background-type":"","background-media":"","overlay-type":"","overlay-color":"","overlay-opacity":"","overlay-gradient":""},"tablet":{"background-color":"var(--ast-global-color-5)","background-image":"","background-repeat":"repeat","background-position":"center center","background-size":"auto","background-attachment":"scroll","background-type":"","background-media":"","overlay-type":"","overlay-color":"","overlay-opacity":"","overlay-gradient":""},"mobile":{"background-color":"var(--ast-global-color-5)","background-image":"","background-repeat":"repeat","background-position":"center center","background-size":"auto","background-attachment":"scroll","background-type":"","background-media":"","overlay-type":"","overlay-color":"","overlay-opacity":"","overlay-gradient":""}},"footnotes":""},"class_list":["post-279","page","type-page","status-publish","hentry"],"_links":{"self":[{"href":"http:\/\/ifdhorqueta.edu.py\/astra\/wp-json\/wp\/v2\/pages\/279","targetHints":{"allow":["GET"]}}],"collection":[{"href":"http:\/\/ifdhorqueta.edu.py\/astra\/wp-json\/wp\/v2\/pages"}],"about":[{"href":"http:\/\/ifdhorqueta.edu.py\/astra\/wp-json\/wp\/v2\/types\/page"}],"author":[{"embeddable":true,"href":"http:\/\/ifdhorqueta.edu.py\/astra\/wp-json\/wp\/v2\/users\/1"}],"replies":[{"embeddable":true,"href":"http:\/\/ifdhorqueta.edu.py\/astra\/wp-json\/wp\/v2\/comments?post=279"}],"version-history":[{"count":4,"href":"http:\/\/ifdhorqueta.edu.py\/astra\/wp-json\/wp\/v2\/pages\/279\/revisions"}],"predecessor-version":[{"id":465,"href":"http:\/\/ifdhorqueta.edu.py\/astra\/wp-json\/wp\/v2\/pages\/279\/revisions\/465"}],"wp:attachment":[{"href":"http:\/\/ifdhorqueta.edu.py\/astra\/wp-json\/wp\/v2\/media?parent=279"}],"curies":[{"name":"wp","href":"https:\/\/api.w.org\/{rel}","templated":true}]}}