{"id":63,"date":"2020-01-15T19:53:04","date_gmt":"2020-01-15T19:53:04","guid":{"rendered":"http:\/\/ifdhorqueta.edu.py\/astra\/?page_id=63"},"modified":"2021-10-05T11:27:44","modified_gmt":"2021-10-05T11:27:44","slug":"nosotros","status":"publish","type":"page","link":"http:\/\/ifdhorqueta.edu.py\/astra\/nosotros\/","title":{"rendered":"Nosotros"},"content":{"rendered":"\t\t<div data-elementor-type=\"wp-page\" data-elementor-id=\"63\" class=\"elementor elementor-63\">\n\t\t\t\t\t\t<section class=\"elementor-section elementor-top-section elementor-element elementor-element-77930a4c elementor-section-content-middle elementor-section-boxed elementor-section-height-default elementor-section-height-default\" data-id=\"77930a4c\" data-element_type=\"section\" data-e-type=\"section\" data-settings=\"{&quot;background_background&quot;:&quot;classic&quot;}\">\n\t\t\t\t\t\t<div class=\"elementor-container elementor-column-gap-no\">\n\t\t\t\t\t<div class=\"elementor-column elementor-col-100 elementor-top-column elementor-element elementor-element-2696c0fb\" data-id=\"2696c0fb\" data-element_type=\"column\" data-e-type=\"column\">\n\t\t\t<div class=\"elementor-widget-wrap elementor-element-populated\">\n\t\t\t\t\t\t<div class=\"elementor-element elementor-element-3a171786 elementor-widget elementor-widget-heading\" data-id=\"3a171786\" data-element_type=\"widget\" data-e-type=\"widget\" data-widget_type=\"heading.default\">\n\t\t\t\t<div class=\"elementor-widget-container\">\n\t\t\t\t\t<h4 class=\"elementor-heading-title elementor-size-default\">Conozca nuestra...<\/h4>\t\t\t\t<\/div>\n\t\t\t\t<\/div>\n\t\t\t\t<div class=\"elementor-element elementor-element-7d0e14ef elementor-widget elementor-widget-toggle\" data-id=\"7d0e14ef\" data-element_type=\"widget\" data-e-type=\"widget\" data-widget_type=\"toggle.default\">\n\t\t\t\t<div class=\"elementor-widget-container\">\n\t\t\t\t\t\t\t<div class=\"elementor-toggle\">\n\t\t\t\t\t\t\t<div class=\"elementor-toggle-item\">\n\t\t\t\t\t<div id=\"elementor-tab-title-2091\" class=\"elementor-tab-title\" data-tab=\"1\" role=\"button\" aria-controls=\"elementor-tab-content-2091\" aria-expanded=\"false\">\n\t\t\t\t\t\t\t\t\t\t\t\t<span class=\"elementor-toggle-icon elementor-toggle-icon-right\" aria-hidden=\"true\">\n\t\t\t\t\t\t\t\t\t\t\t\t\t\t\t<span class=\"elementor-toggle-icon-closed\"><i class=\"fas fa-angle-double-down\"><\/i><\/span>\n\t\t\t\t\t\t\t\t<span class=\"elementor-toggle-icon-opened\"><i class=\"elementor-toggle-icon-opened fas fa-angle-double-up\"><\/i><\/span>\n\t\t\t\t\t\t\t\t\t\t\t\t\t<\/span>\n\t\t\t\t\t\t\t\t\t\t\t\t<a class=\"elementor-toggle-title\" tabindex=\"0\">HISTORIA y ACTUALIDAD<\/a>\n\t\t\t\t\t<\/div>\n\n\t\t\t\t\t<div id=\"elementor-tab-content-2091\" class=\"elementor-tab-content elementor-clearfix\" data-tab=\"1\" role=\"region\" aria-labelledby=\"elementor-tab-title-2091\"><p style=\"margin-bottom: 0cm; text-align: center; line-height: normal;\" align=\"center\"><b>VICEMINISTERIO DE EDUCACI\u00d3N SUPERIOR Y CIENCIAS<\/b><\/p><p style=\"margin-bottom: 0cm; text-align: center; line-height: normal;\" align=\"center\"><b>INSTITUTO DE FORMACI\u00d3N DOCENTE, OFICIAL HORQUETA<\/b><\/p><p style=\"margin-bottom: 0cm; line-height: normal;\"><b>\u00a0<\/b><\/p><p class=\"MsoNormal\" style=\"text-align: justify; line-height: 150%; margin: 6.0pt 0cm 6.0pt 0cm;\"><span lang=\"ES\" style=\"font-size: 12.0pt; mso-bidi-font-size: 11.0pt; line-height: 150%;\">El Instituto de Formaci\u00f3n Docente Horqueta, es una instituci\u00f3n de gesti\u00f3n oficial, dependiente de la Direcci\u00f3n General de Formaci\u00f3n Profesional del Educador, a su vez del Viceministerio de Educaci\u00f3n Superior y Ciencias. Fue creada seg\u00fan Resoluci\u00f3n Ministerial N\u00b0 54 de fecha Asunci\u00f3n 8 de febrero de 1995, siendo Ministro de Educaci\u00f3n y Cultura el Dr. Nicanor Duarte Frutos, la primera directora fue la Lic. Eleuteria Ben\u00edtez, hasta acogerse a la jubilaci\u00f3n ordinaria en el a\u00f1o 2.008, posteriormente el Lic. Jorge Alfredo Barrios Rol\u00f3n asumi\u00f3 como nuevo director en el a\u00f1o 2009, desde el 2009 hasta el 2015 el \u00a0Lic. Andr\u00e9s Cerrano Rodr\u00edguez. <\/span><\/p><p class=\"MsoNormal\" style=\"text-align: justify; line-height: 150%; margin: 6.0pt 0cm 6.0pt 0cm;\"><span lang=\"ES\" style=\"font-size: 12.0pt; mso-bidi-font-size: 11.0pt; line-height: 150%;\">En el a\u00f1o 2015, se hizo el llamado a concurso p\u00fablico de oposici\u00f3n y m\u00e9ritos, resultando ganador el Mg. Pedro Isacio Molinas Ponce; actual Director General del IFD de Horqueta.<\/span><\/p><p class=\"MsoNormal\" style=\"text-align: justify; line-height: 150%; margin: 6.0pt 0cm 6.0pt 0cm;\"><span lang=\"ES\" style=\"font-size: 12.0pt; mso-bidi-font-size: 11.0pt; line-height: 150%;\">El IFD de Horqueta cuenta con 26 funcionarios entre administrativos y docentes, adem\u00e1s con local propio, un predio de aproximadamente cuatro hect\u00e1reas; donado en su momento por la Municipalidad local y titulado a favor del MEC, siendo Intendente Municipal Don N\u00e9stor Caba\u00f1as Baz\u00e1n, en el a\u00f1o 1.997. Las primeras construcciones se hicieron gracias al esfuerzo mancomunado de la comunidad educativa.<\/span><\/p><p class=\"MsoNormal\" style=\"text-align: justify;\"><span lang=\"ES\" style=\"font-size: 12.0pt; mso-bidi-font-size: 11.0pt; line-height: 115%;\">A ella acuden j\u00f3venes deseosos de seguir la formaci\u00f3n docente que provienen de distintos lugares, tanto de las zonas rurales y urbanas de nuestro distrito, y de muchos otros lugares de nuestro pa\u00eds, registr\u00e1ndose desde la primera promoci\u00f3n hasta la \u00faltima en el a\u00f1o 2021, m\u00e1s de 2.000 egresados en las distintas \u00e1reas.<\/span><\/p><p class=\"MsoNormal\" style=\"margin-bottom: 0cm; text-align: justify;\"><span lang=\"ES\" style=\"font-size: 12.0pt; mso-bidi-font-size: 11.0pt; line-height: 115%;\">Actualmente cuenta con dos secciones del curso de Habilitaci\u00f3n Pedag\u00f3gica para Egresados Universitarios, 1 secci\u00f3n de Profesorado de Educaci\u00f3n Escolar B\u00e1sica segundo curso 4\u00b0 semestre, 2 secciones del tercer curso 5\u00b0 semestre y 3 secciones de Cursillo del Profesorado de EEB. Todos los cursos de profesorados son con cursos y ex\u00e1menes de ingreso, regulados y administrados por el INEE Instituto Nacional de Evaluaci\u00f3n Educativa y el Viceministerio de Educaci\u00f3n Superior. <\/span><\/p><p class=\"MsoNormal\" style=\"text-align: justify; margin: 6.0pt 0cm 6.0pt 0cm;\"><span lang=\"ES\" style=\"font-size: 12.0pt; mso-bidi-font-size: 11.0pt; line-height: 115%;\">Todos los docentes del IFD han sido becados en distintas \u00e1reas con especialistas de primer nivel.<\/span><\/p><p style=\"text-align: justify; line-height: 150%; margin: 6.0pt 0cm 6.0pt 0cm;\">\u00a0<\/p><p class=\"MsoNormal\" style=\"text-align: justify; margin: 6.0pt 0cm 6.0pt 0cm;\"><span lang=\"ES\" style=\"font-size: 12.0pt; mso-bidi-font-size: 11.0pt; line-height: 115%;\">La instituci\u00f3n cuenta con dos laboratorios inform\u00e1ticos modernos con conectividad (fibra \u00f3ptica), laboratorio de Ciencias Naturales y b\u00e1sicas. Tambi\u00e9n fue beneficiado por nuevas construcciones y mejoramiento de las existentes, por valor de 1.448 millones de guaran\u00edes. Por otro lado, la instituci\u00f3n obtuvo el LICENCIAMIENTO INSTITUCIONAL en el a\u00f1o 2019 y actualmente se encuentra en espera de los evaluadores externos de la (ANEAES). Este proceso es motivo para la comunidad educativa del IFD Horqueta a seguir mejorando en todas sus dimensiones, especialmente en la formaci\u00f3n de docentes en servicio y futuros docentes, apostando siempre por la calidad.<\/span><\/p><\/div>\n\t\t\t\t<\/div>\n\t\t\t\t\t\t\t\t<\/div>\n\t\t\t\t\t\t<\/div>\n\t\t\t\t<\/div>\n\t\t\t\t<div class=\"elementor-element elementor-element-120b2bc4 elementor-widget elementor-widget-toggle\" data-id=\"120b2bc4\" data-element_type=\"widget\" data-e-type=\"widget\" data-widget_type=\"toggle.default\">\n\t\t\t\t<div class=\"elementor-widget-container\">\n\t\t\t\t\t\t\t<div class=\"elementor-toggle\">\n\t\t\t\t\t\t\t<div class=\"elementor-toggle-item\">\n\t\t\t\t\t<div id=\"elementor-tab-title-3021\" class=\"elementor-tab-title\" data-tab=\"1\" role=\"button\" aria-controls=\"elementor-tab-content-3021\" aria-expanded=\"false\">\n\t\t\t\t\t\t\t\t\t\t\t\t<span class=\"elementor-toggle-icon elementor-toggle-icon-right\" aria-hidden=\"true\">\n\t\t\t\t\t\t\t\t\t\t\t\t\t\t\t<span class=\"elementor-toggle-icon-closed\"><i class=\"fas fa-angle-double-down\"><\/i><\/span>\n\t\t\t\t\t\t\t\t<span class=\"elementor-toggle-icon-opened\"><i class=\"elementor-toggle-icon-opened fas fa-angle-double-up\"><\/i><\/span>\n\t\t\t\t\t\t\t\t\t\t\t\t\t<\/span>\n\t\t\t\t\t\t\t\t\t\t\t\t<a class=\"elementor-toggle-title\" tabindex=\"0\">MISI\u00d3N<\/a>\n\t\t\t\t\t<\/div>\n\n\t\t\t\t\t<div id=\"elementor-tab-content-3021\" class=\"elementor-tab-content elementor-clearfix\" data-tab=\"1\" role=\"region\" aria-labelledby=\"elementor-tab-title-3021\"><p style=\"text-align: center;\"><span lang=\"ES\" style=\"font-size: 16.0pt;\">\u201cUna instituci\u00f3n formadora de\u00a0docentes comprometida con la formaci\u00f3n docente inicial, continua y en servicio,\u00a0con pr\u00e1cticas pedag\u00f3gicas innovadoras, asegurando una gesti\u00f3n educativa\u00a0inclusiva y proactiva\u201d<\/span><\/p><\/div>\n\t\t\t\t<\/div>\n\t\t\t\t\t\t\t\t<\/div>\n\t\t\t\t\t\t<\/div>\n\t\t\t\t<\/div>\n\t\t\t\t<div class=\"elementor-element elementor-element-60d18f55 elementor-widget elementor-widget-toggle\" data-id=\"60d18f55\" data-element_type=\"widget\" data-e-type=\"widget\" data-widget_type=\"toggle.default\">\n\t\t\t\t<div class=\"elementor-widget-container\">\n\t\t\t\t\t\t\t<div class=\"elementor-toggle\">\n\t\t\t\t\t\t\t<div class=\"elementor-toggle-item\">\n\t\t\t\t\t<div id=\"elementor-tab-title-1621\" class=\"elementor-tab-title\" data-tab=\"1\" role=\"button\" aria-controls=\"elementor-tab-content-1621\" aria-expanded=\"false\">\n\t\t\t\t\t\t\t\t\t\t\t\t<span class=\"elementor-toggle-icon elementor-toggle-icon-right\" aria-hidden=\"true\">\n\t\t\t\t\t\t\t\t\t\t\t\t\t\t\t<span class=\"elementor-toggle-icon-closed\"><i class=\"fas fa-angle-double-down\"><\/i><\/span>\n\t\t\t\t\t\t\t\t<span class=\"elementor-toggle-icon-opened\"><i class=\"elementor-toggle-icon-opened fas fa-angle-double-up\"><\/i><\/span>\n\t\t\t\t\t\t\t\t\t\t\t\t\t<\/span>\n\t\t\t\t\t\t\t\t\t\t\t\t<a class=\"elementor-toggle-title\" tabindex=\"0\">VISI\u00d3N<\/a>\n\t\t\t\t\t<\/div>\n\n\t\t\t\t\t<div id=\"elementor-tab-content-1621\" class=\"elementor-tab-content elementor-clearfix\" data-tab=\"1\" role=\"region\" aria-labelledby=\"elementor-tab-title-1621\"><p style=\"text-align: center;\"><span lang=\"ES\" style=\"font-size: 16.0pt; font-family: 'Arial',sans-serif; mso-fareast-font-family: Arial; mso-ansi-language: ES; mso-fareast-language: ES; mso-bidi-language: AR-SA;\">\u201cUna Instituci\u00f3n Formadora de docentes que consolida una alta calidad profesional cient\u00edfica, tecnol\u00f3gica y madurez humana para responder exitosamente a los desaf\u00edos de una sociedad din\u00e1mica\u201d<\/span><\/p><\/div>\n\t\t\t\t<\/div>\n\t\t\t\t\t\t\t\t<\/div>\n\t\t\t\t\t\t<\/div>\n\t\t\t\t<\/div>\n\t\t\t\t<div class=\"elementor-element elementor-element-9e79560 elementor-widget elementor-widget-toggle\" data-id=\"9e79560\" data-element_type=\"widget\" data-e-type=\"widget\" data-widget_type=\"toggle.default\">\n\t\t\t\t<div class=\"elementor-widget-container\">\n\t\t\t\t\t\t\t<div class=\"elementor-toggle\">\n\t\t\t\t\t\t\t<div class=\"elementor-toggle-item\">\n\t\t\t\t\t<div id=\"elementor-tab-title-1661\" class=\"elementor-tab-title\" data-tab=\"1\" role=\"button\" aria-controls=\"elementor-tab-content-1661\" aria-expanded=\"false\">\n\t\t\t\t\t\t\t\t\t\t\t\t<span class=\"elementor-toggle-icon elementor-toggle-icon-right\" aria-hidden=\"true\">\n\t\t\t\t\t\t\t\t\t\t\t\t\t\t\t<span class=\"elementor-toggle-icon-closed\"><i class=\"fas fa-angle-double-down\"><\/i><\/span>\n\t\t\t\t\t\t\t\t<span class=\"elementor-toggle-icon-opened\"><i class=\"elementor-toggle-icon-opened fas fa-angle-double-up\"><\/i><\/span>\n\t\t\t\t\t\t\t\t\t\t\t\t\t<\/span>\n\t\t\t\t\t\t\t\t\t\t\t\t<a class=\"elementor-toggle-title\" tabindex=\"0\">VALORES<\/a>\n\t\t\t\t\t<\/div>\n\n\t\t\t\t\t<div id=\"elementor-tab-content-1661\" class=\"elementor-tab-content elementor-clearfix\" data-tab=\"1\" role=\"region\" aria-labelledby=\"elementor-tab-title-1661\"><p style=\"margin: 0cm;\"><span style=\"font-size: 16pt; font-family: Roboto; border-width: 1pt; border-style: none; border-color: windowtext; padding: 0cm;\">&#8211; Responsabilidad.<\/span><span style=\"font-size: 16pt; font-family: Roboto;\"><o:p><\/o:p><\/span><\/p><p style=\"margin: 0cm;\"><span style=\"vertical-align: inherit;\"><span style=\"vertical-align: inherit;\"><span style=\"font-size: 16pt; font-family: Roboto; border-width: 1pt; border-style: none; border-color: windowtext; padding: 0cm;\"><span style=\"vertical-align: inherit;\"><span style=\"vertical-align: inherit;\">&#8211;\nTolerancia.<\/span><\/span><\/span><span style=\"font-size: 16pt; font-family: Roboto;\"><o:p><\/o:p><\/span><\/span><\/span><\/p><p style=\"margin: 0cm;\"><span style=\"vertical-align: inherit;\"><span style=\"vertical-align: inherit;\"><span style=\"font-size: 16pt; font-family: Roboto; border-width: 1pt; border-style: none; border-color: windowtext; padding: 0cm;\"><span style=\"vertical-align: inherit;\"><span style=\"vertical-align: inherit;\">&#8211;\nHonestidad.<\/span><\/span><\/span><span style=\"font-size: 16pt; font-family: Roboto;\"><o:p><\/o:p><\/span><\/span><\/span><\/p><p style=\"margin: 0cm;\"><span style=\"vertical-align: inherit;\"><span style=\"vertical-align: inherit;\"><span style=\"font-size: 16pt; font-family: Roboto; border-width: 1pt; border-style: none; border-color: windowtext; padding: 0cm;\"><span style=\"vertical-align: inherit;\"><span style=\"vertical-align: inherit;\">&#8211;\nRespeto.<\/span><\/span><\/span><span style=\"font-size: 16pt; font-family: Roboto;\"><o:p><\/o:p><\/span><\/span><\/span><\/p><p style=\"margin: 0cm;\"><span style=\"vertical-align: inherit;\"><span style=\"vertical-align: inherit;\"><span style=\"font-size: 16pt; font-family: Roboto; border-width: 1pt; border-style: none; border-color: windowtext; padding: 0cm;\"><span style=\"vertical-align: inherit;\"><span style=\"vertical-align: inherit;\">&#8211;\nProsocialidad.<\/span><\/span><\/span><span style=\"font-size: 16pt; font-family: Roboto;\"><o:p><\/o:p><\/span><\/span><\/span><\/p><p style=\"margin: 0cm;\"><span style=\"vertical-align: inherit;\"><span style=\"vertical-align: inherit;\"><span style=\"font-size: 16pt; font-family: Roboto; border-width: 1pt; border-style: none; border-color: windowtext; padding: 0cm;\"><span style=\"vertical-align: inherit;\"><span style=\"vertical-align: inherit;\">&#8211;\nPerseverancia.<\/span><\/span><\/span><\/span><\/span><\/p><p style=\"margin: 0cm;\"><span style=\"font-size: 21.3333px; font-family: Roboto; background-color: rgba(0, 0, 0, 0);\">&#8211;\nConfianza.<\/span><\/p><\/div>\n\t\t\t\t<\/div>\n\t\t\t\t\t\t\t\t<\/div>\n\t\t\t\t\t\t<\/div>\n\t\t\t\t<\/div>\n\t\t\t\t\t<\/div>\n\t\t<\/div>\n\t\t\t\t\t<\/div>\n\t\t<\/section>\n\t\t\t\t<\/div>\n\t\t","protected":false},"excerpt":{"rendered":"<p>Conozca nuestra&#8230; HISTORIA y ACTUALIDAD VICEMINISTERIO DE EDUCACI\u00d3N SUPERIOR Y CIENCIAS INSTITUTO DE FORMACI\u00d3N DOCENTE, OFICIAL HORQUETA \u00a0 El Instituto de Formaci\u00f3n Docente Horqueta, es una instituci\u00f3n de gesti\u00f3n oficial, dependiente de la Direcci\u00f3n General de Formaci\u00f3n Profesional del Educador, a su vez del Viceministerio de Educaci\u00f3n Superior y Ciencias. Fue creada seg\u00fan Resoluci\u00f3n Ministerial [&hellip;]<\/p>\n","protected":false},"author":1,"featured_media":0,"parent":0,"menu_order":0,"comment_status":"closed","ping_status":"closed","template":"","meta":{"site-sidebar-layout":"no-sidebar","site-content-layout":"page-builder","ast-site-content-layout":"default","site-content-style":"default","site-sidebar-style":"default","ast-global-header-display":"","ast-banner-title-visibility":"","ast-main-header-display":"","ast-hfb-above-header-display":"","ast-hfb-below-header-display":"","ast-hfb-mobile-header-display":"","site-post-title":"disabled","ast-breadcrumbs-content":"","ast-featured-img":"disabled","footer-sml-layout":"","ast-disable-related-posts":"","theme-transparent-header-meta":"default","adv-header-id-meta":"","stick-header-meta":"","header-above-stick-meta":"","header-main-stick-meta":"","header-below-stick-meta":"","astra-migrate-meta-layouts":"default","ast-page-background-enabled":"default","ast-page-background-meta":{"desktop":{"background-color":"","background-image":"","background-repeat":"repeat","background-position":"center center","background-size":"auto","background-attachment":"scroll","background-type":"","background-media":"","overlay-type":"","overlay-color":"","overlay-opacity":"","overlay-gradient":""},"tablet":{"background-color":"","background-image":"","background-repeat":"repeat","background-position":"center center","background-size":"auto","background-attachment":"scroll","background-type":"","background-media":"","overlay-type":"","overlay-color":"","overlay-opacity":"","overlay-gradient":""},"mobile":{"background-color":"","background-image":"","background-repeat":"repeat","background-position":"center center","background-size":"auto","background-attachment":"scroll","background-type":"","background-media":"","overlay-type":"","overlay-color":"","overlay-opacity":"","overlay-gradient":""}},"ast-content-background-meta":{"desktop":{"background-color":"var(--ast-global-color-5)","background-image":"","background-repeat":"repeat","background-position":"center center","background-size":"auto","background-attachment":"scroll","background-type":"","background-media":"","overlay-type":"","overlay-color":"","overlay-opacity":"","overlay-gradient":""},"tablet":{"background-color":"var(--ast-global-color-5)","background-image":"","background-repeat":"repeat","background-position":"center center","background-size":"auto","background-attachment":"scroll","background-type":"","background-media":"","overlay-type":"","overlay-color":"","overlay-opacity":"","overlay-gradient":""},"mobile":{"background-color":"var(--ast-global-color-5)","background-image":"","background-repeat":"repeat","background-position":"center center","background-size":"auto","background-attachment":"scroll","background-type":"","background-media":"","overlay-type":"","overlay-color":"","overlay-opacity":"","overlay-gradient":""}},"footnotes":""},"class_list":["post-63","page","type-page","status-publish","hentry"],"_links":{"self":[{"href":"http:\/\/ifdhorqueta.edu.py\/astra\/wp-json\/wp\/v2\/pages\/63","targetHints":{"allow":["GET"]}}],"collection":[{"href":"http:\/\/ifdhorqueta.edu.py\/astra\/wp-json\/wp\/v2\/pages"}],"about":[{"href":"http:\/\/ifdhorqueta.edu.py\/astra\/wp-json\/wp\/v2\/types\/page"}],"author":[{"embeddable":true,"href":"http:\/\/ifdhorqueta.edu.py\/astra\/wp-json\/wp\/v2\/users\/1"}],"replies":[{"embeddable":true,"href":"http:\/\/ifdhorqueta.edu.py\/astra\/wp-json\/wp\/v2\/comments?post=63"}],"version-history":[{"count":68,"href":"http:\/\/ifdhorqueta.edu.py\/astra\/wp-json\/wp\/v2\/pages\/63\/revisions"}],"predecessor-version":[{"id":352,"href":"http:\/\/ifdhorqueta.edu.py\/astra\/wp-json\/wp\/v2\/pages\/63\/revisions\/352"}],"wp:attachment":[{"href":"http:\/\/ifdhorqueta.edu.py\/astra\/wp-json\/wp\/v2\/media?parent=63"}],"curies":[{"name":"wp","href":"https:\/\/api.w.org\/{rel}","templated":true}]}}